{"id":987513159,"date":"2024-11-17T19:46:08","date_gmt":"2024-11-17T19:46:08","guid":{"rendered":"https:\/\/saharacameltours.com\/tours-from-marrakech\/"},"modified":"2025-12-01T21:00:13","modified_gmt":"2025-12-01T21:00:13","slug":"tours-from-marrakech","status":"publish","type":"page","link":"https:\/\/saharacameltours.com\/es\/tours-from-marrakech\/","title":{"rendered":"Tours desde Marrakech"},"content":{"rendered":"<p>[et_pb_section fb_built=&#8221;1&#8243; admin_label=&#8221;Services&#8221; _builder_version=&#8221;4.27.3&#8243; _module_preset=&#8221;default&#8221; background_color=&#8221;#f5ede7&#8243; background_enable_image=&#8221;off&#8221; background_size=&#8221;custom&#8221; background_image_width=&#8221;22%&#8221; background_position=&#8221;bottom_left&#8221; background_horizontal_offset=&#8221;-1vw&#8221; background_vertical_offset=&#8221;-10vw&#8221; custom_padding=&#8221;||0px||false|false&#8221; locked=&#8221;off&#8221; collapsed=&#8221;on&#8221; global_colors_info=&#8221;{%22gcid-4dccef5c-a04c-4e7c-abbe-b1e880c58010%22:%91%22background_color%22%93}&#8221;][et_pb_row _builder_version=&#8221;4.19.5&#8243; _module_preset=&#8221;default&#8221; max_width=&#8221;700px&#8221; locked=&#8221;off&#8221; global_colors_info=&#8221;{}&#8221;][et_pb_column type=&#8221;4_4&#8243; _builder_version=&#8221;4.19.5&#8243; _module_preset=&#8221;default&#8221; global_colors_info=&#8221;{}&#8221;][et_pb_image src=&#8221;https:\/\/saharacameltours.com\/wp-content\/uploads\/2024\/11\/health-clinic-1.png&#8221; title_text=&#8221;centro-de-salud-1&#8243; align=&#8221;center&#8221; _builder_version=&#8221;4.19.5&#8243; _module_preset=&#8221;default&#8221; max_height=&#8221;12px&#8221; global_colors_info=&#8221;{}&#8221;][\/et_pb_image][et_pb_text _builder_version=&#8221;4.27.4&#8243; _module_preset=&#8221;_initial&#8221; header_2_font=&#8221;Prata||||||||&#8221; header_2_font_size=&#8221;52px&#8221; header_2_line_height=&#8221;1.3em&#8221; custom_margin=&#8221;||10px||false|false&#8221; header_2_font_size_tablet=&#8221;32px&#8221; header_2_font_size_phone=&#8221;23px&#8221; header_2_font_size_last_edited=&#8221;on|desktop&#8221; global_colors_info=&#8221;{%22gcid-f743be1f-46bf-4685-bc55-7e8b347eb98d%22:%91%22header_2_text_color%22%93}&#8221;]<\/p>\n<h2 class=\"elementor-image-box-title\" style=\"text-align: center;\">Tours desde Marrakech<\/h2>\n<p>[\/et_pb_text][\/et_pb_column][\/et_pb_row][et_pb_row column_structure=&#8221;1_3,1_3,1_3&#8243; _builder_version=&#8221;4.27.3&#8243; _module_preset=&#8221;default&#8221; locked=&#8221;off&#8221; global_colors_info=&#8221;{}&#8221;][et_pb_column type=&#8221;1_3&#8243; _builder_version=&#8221;4.27.3&#8243; _module_preset=&#8221;default&#8221; global_colors_info=&#8221;{}&#8221;][et_pb_cta title=&#8221;Tour de 2 d\u00edas desde Marrakech al desierto de Zagora&#8221; button_url=&#8221;https:\/\/saharacameltours.com\/es\/project\/tour-de-2-dias-desde-marrakech-al-desierto-de-zagora\/&#8221; button_text=&#8221;Ver&#8221; _builder_version=&#8221;4.27.4&#8243; _module_preset=&#8221;default&#8221; header_font=&#8221;Poppins||||||||&#8221; header_text_color=&#8221;#dddddd&#8221; header_font_size=&#8221;16px&#8221; header_line_height=&#8221;1.4em&#8221; background_color=&#8221;rgba(0,0,0,0.34)&#8221; background_image=&#8221;https:\/\/saharacameltours.com\/wp-content\/uploads\/2024\/11\/8.jpg&#8221; background_blend=&#8221;multiply&#8221; custom_button=&#8221;on&#8221; button_text_size=&#8221;17px&#8221; button_text_color=&#8221;#000000&#8243; button_bg_color=&#8221;#d1cfbb&#8221; button_border_width=&#8221;0px&#8221; button_border_radius=&#8221;100px&#8221; button_font=&#8221;Poppins||||||||&#8221; button_alignment=&#8221;center&#8221; button_custom_padding=&#8221;8px|47px|8px|47px|true|true&#8221; button_custom_padding_tablet=&#8221;8px|47px|8px|47px|true|true&#8221; button_custom_padding_phone=&#8221;8px|38px|8px|38px|true|true&#8221; button_custom_padding_last_edited=&#8221;on|phone&#8221; height=&#8221;375px&#8221; height_tablet=&#8221;411px&#8221; height_phone=&#8221;311px&#8221; height_last_edited=&#8221;on|tablet&#8221; custom_padding=&#8221;197px||||false|false&#8221; custom_padding_tablet=&#8221;261px||||false|false&#8221; custom_padding_phone=&#8221;155px||||false|false&#8221; custom_padding_last_edited=&#8221;on|desktop&#8221; button_text_size_tablet=&#8221;17px&#8221; button_text_size_phone=&#8221;13px&#8221; button_text_size_last_edited=&#8221;on|desktop&#8221; border_radii=&#8221;on|5px|5px|5px|5px&#8221; global_colors_info=&#8221;{}&#8221;][\/et_pb_cta][\/et_pb_column][et_pb_column type=&#8221;1_3&#8243; _builder_version=&#8221;4.27.3&#8243; _module_preset=&#8221;default&#8221; global_colors_info=&#8221;{}&#8221;][et_pb_cta title=&#8221;Tour de 3 d\u00edas desde Marrakech a Merzouga que termina en Fez&#8221; button_url=&#8221;https:\/\/saharacameltours.com\/es\/project\/tour-de-3-dias-desde-marrakech-a-merzouga-que-termina-en-fez\/&#8221; button_text=&#8221;Ver&#8221; _builder_version=&#8221;4.27.4&#8243; _module_preset=&#8221;default&#8221; header_font=&#8221;Poppins||||||||&#8221; header_text_color=&#8221;#dddddd&#8221; header_font_size=&#8221;16px&#8221; header_line_height=&#8221;1.4em&#8221; background_color=&#8221;rgba(0,0,0,0.34)&#8221; background_image=&#8221;https:\/\/saharacameltours.com\/wp-content\/uploads\/2024\/11\/2.jpg&#8221; background_blend=&#8221;multiply&#8221; custom_button=&#8221;on&#8221; button_text_size=&#8221;17px&#8221; button_text_color=&#8221;#000000&#8243; button_bg_color=&#8221;#d1cfbb&#8221; button_border_width=&#8221;0px&#8221; button_border_radius=&#8221;100px&#8221; button_font=&#8221;Poppins||||||||&#8221; button_alignment=&#8221;center&#8221; button_custom_padding=&#8221;8px|47px|8px|47px|true|true&#8221; button_custom_padding_tablet=&#8221;8px|47px|8px|47px|true|true&#8221; button_custom_padding_phone=&#8221;8px|38px|8px|38px|true|true&#8221; button_custom_padding_last_edited=&#8221;on|phone&#8221; height=&#8221;375px&#8221; height_tablet=&#8221;411px&#8221; height_phone=&#8221;311px&#8221; height_last_edited=&#8221;on|tablet&#8221; custom_padding=&#8221;197px||||false|false&#8221; custom_padding_tablet=&#8221;261px||||false|false&#8221; custom_padding_phone=&#8221;155px||||false|false&#8221; custom_padding_last_edited=&#8221;on|desktop&#8221; button_text_size_tablet=&#8221;17px&#8221; button_text_size_phone=&#8221;13px&#8221; button_text_size_last_edited=&#8221;on|desktop&#8221; border_radii=&#8221;on|5px|5px|5px|5px&#8221; global_colors_info=&#8221;{}&#8221;][\/et_pb_cta][\/et_pb_column][et_pb_column type=&#8221;1_3&#8243; _builder_version=&#8221;4.27.3&#8243; _module_preset=&#8221;default&#8221; global_colors_info=&#8221;{}&#8221;][et_pb_cta title=&#8221;Excursi\u00f3n de 3 d\u00edas desde Marrakech al desierto de Merzouga&#8221; button_url=&#8221;https:\/\/saharacameltours.com\/es\/project\/excursion-de-3-dias-desde-marrakech-al-desierto-de-merzouga\/&#8221; button_text=&#8221;Ver&#8221; _builder_version=&#8221;4.27.4&#8243; _module_preset=&#8221;default&#8221; header_font=&#8221;Poppins||||||||&#8221; header_text_color=&#8221;#dddddd&#8221; header_font_size=&#8221;16px&#8221; header_line_height=&#8221;1.4em&#8221; background_color=&#8221;rgba(0,0,0,0.34)&#8221; background_image=&#8221;https:\/\/saharacameltours.com\/wp-content\/uploads\/2024\/11\/4&#215;4-desert.jpg&#8221; background_blend=&#8221;multiply&#8221; custom_button=&#8221;on&#8221; button_text_size=&#8221;17px&#8221; button_text_color=&#8221;#000000&#8243; button_bg_color=&#8221;#d1cfbb&#8221; button_border_width=&#8221;0px&#8221; button_border_radius=&#8221;100px&#8221; button_font=&#8221;Poppins||||||||&#8221; button_alignment=&#8221;center&#8221; button_custom_padding=&#8221;8px|47px|8px|47px|true|true&#8221; button_custom_padding_tablet=&#8221;8px|47px|8px|47px|true|true&#8221; button_custom_padding_phone=&#8221;8px|38px|8px|38px|true|true&#8221; button_custom_padding_last_edited=&#8221;on|phone&#8221; height=&#8221;375px&#8221; height_tablet=&#8221;411px&#8221; height_phone=&#8221;311px&#8221; height_last_edited=&#8221;on|tablet&#8221; custom_padding=&#8221;197px||||false|false&#8221; custom_padding_tablet=&#8221;261px||||false|false&#8221; custom_padding_phone=&#8221;155px||||false|false&#8221; custom_padding_last_edited=&#8221;on|desktop&#8221; button_text_size_tablet=&#8221;17px&#8221; button_text_size_phone=&#8221;13px&#8221; button_text_size_last_edited=&#8221;on|desktop&#8221; border_radii=&#8221;on|5px|5px|5px|5px&#8221; global_colors_info=&#8221;{}&#8221;][\/et_pb_cta][\/et_pb_column][\/et_pb_row][et_pb_row column_structure=&#8221;1_3,1_3,1_3&#8243; _builder_version=&#8221;4.27.3&#8243; _module_preset=&#8221;default&#8221; locked=&#8221;off&#8221; global_colors_info=&#8221;{}&#8221;][et_pb_column type=&#8221;1_3&#8243; _builder_version=&#8221;4.27.3&#8243; _module_preset=&#8221;default&#8221; global_colors_info=&#8221;{}&#8221;][et_pb_cta title=&#8221;Excursi\u00f3n de 4 d\u00edas desde Marrakech al desierto del Sahara&#8221; button_url=&#8221;https:\/\/saharacameltours.com\/es\/project\/excursion-de-4-dias-desde-marrakech-al-desierto-del-sahara\/&#8221; button_text=&#8221;Ver&#8221; _builder_version=&#8221;4.27.4&#8243; _module_preset=&#8221;default&#8221; header_font=&#8221;Poppins||||||||&#8221; header_text_color=&#8221;#dddddd&#8221; header_font_size=&#8221;16px&#8221; header_line_height=&#8221;1.4em&#8221; background_color=&#8221;rgba(0,0,0,0.34)&#8221; background_image=&#8221;https:\/\/saharacameltours.com\/wp-content\/uploads\/2024\/11\/5.jpg&#8221; background_blend=&#8221;multiply&#8221; custom_button=&#8221;on&#8221; button_text_size=&#8221;17px&#8221; button_text_color=&#8221;#000000&#8243; button_bg_color=&#8221;#d1cfbb&#8221; button_border_width=&#8221;0px&#8221; button_border_radius=&#8221;100px&#8221; button_font=&#8221;Poppins||||||||&#8221; button_alignment=&#8221;center&#8221; button_custom_padding=&#8221;8px|47px|8px|47px|true|true&#8221; button_custom_padding_tablet=&#8221;8px|47px|8px|47px|true|true&#8221; button_custom_padding_phone=&#8221;8px|38px|8px|38px|true|true&#8221; button_custom_padding_last_edited=&#8221;on|phone&#8221; height=&#8221;375px&#8221; height_tablet=&#8221;411px&#8221; height_phone=&#8221;311px&#8221; height_last_edited=&#8221;on|tablet&#8221; custom_padding=&#8221;197px||||false|false&#8221; custom_padding_tablet=&#8221;261px||||false|false&#8221; custom_padding_phone=&#8221;155px||||false|false&#8221; custom_padding_last_edited=&#8221;on|desktop&#8221; button_text_size_tablet=&#8221;17px&#8221; button_text_size_phone=&#8221;13px&#8221; button_text_size_last_edited=&#8221;on|desktop&#8221; border_radii=&#8221;on|5px|5px|5px|5px&#8221; global_colors_info=&#8221;{}&#8221;][\/et_pb_cta][\/et_pb_column][et_pb_column type=&#8221;1_3&#8243; _builder_version=&#8221;4.27.3&#8243; _module_preset=&#8221;default&#8221; global_colors_info=&#8221;{}&#8221;][et_pb_cta title=&#8221;4 d\u00edas y 3 noches desde Marrakech a Fez a trav\u00e9s de Merzouga&#8221; button_url=&#8221;https:\/\/saharacameltours.com\/es\/project\/tour-privado-de-4-dias-de-marrakech-al-desierto-hasta-fez\/&#8221; button_text=&#8221;Ver&#8221; _builder_version=&#8221;4.27.4&#8243; _module_preset=&#8221;default&#8221; header_font=&#8221;Poppins||||||||&#8221; header_text_color=&#8221;#dddddd&#8221; header_font_size=&#8221;16px&#8221; header_line_height=&#8221;1.4em&#8221; background_color=&#8221;rgba(0,0,0,0.34)&#8221; background_image=&#8221;https:\/\/saharacameltours.com\/wp-content\/uploads\/2024\/11\/FES.jpg&#8221; background_blend=&#8221;multiply&#8221; custom_button=&#8221;on&#8221; button_text_size=&#8221;17px&#8221; button_text_color=&#8221;#000000&#8243; button_bg_color=&#8221;#d1cfbb&#8221; button_border_width=&#8221;0px&#8221; button_border_radius=&#8221;100px&#8221; button_font=&#8221;Poppins||||||||&#8221; button_alignment=&#8221;center&#8221; button_custom_padding=&#8221;8px|47px|8px|47px|true|true&#8221; button_custom_padding_tablet=&#8221;8px|47px|8px|47px|true|true&#8221; button_custom_padding_phone=&#8221;8px|38px|8px|38px|true|true&#8221; button_custom_padding_last_edited=&#8221;on|phone&#8221; height=&#8221;375px&#8221; height_tablet=&#8221;411px&#8221; height_phone=&#8221;311px&#8221; height_last_edited=&#8221;on|tablet&#8221; custom_padding=&#8221;197px||||false|false&#8221; custom_padding_tablet=&#8221;261px||||false|false&#8221; custom_padding_phone=&#8221;155px||||false|false&#8221; custom_padding_last_edited=&#8221;on|desktop&#8221; button_text_size_tablet=&#8221;17px&#8221; button_text_size_phone=&#8221;13px&#8221; button_text_size_last_edited=&#8221;on|desktop&#8221; border_radii=&#8221;on|5px|5px|5px|5px&#8221; global_colors_info=&#8221;{}&#8221;][\/et_pb_cta][\/et_pb_column][et_pb_column type=&#8221;1_3&#8243; _builder_version=&#8221;4.27.3&#8243; _module_preset=&#8221;default&#8221; global_colors_info=&#8221;{}&#8221;][et_pb_cta title=&#8221;Excursi\u00f3n de 5 d\u00edas desde Marrakech a Fez a trav\u00e9s del desierto del Sahara&#8221; button_url=&#8221;https:\/\/saharacameltours.com\/es\/project\/excursion-de-5-dias-desde-marrakech-a-fez-a-traves-del-desierto-del-sahara\/&#8221; button_text=&#8221;Ver&#8221; _builder_version=&#8221;4.27.4&#8243; _module_preset=&#8221;default&#8221; header_font=&#8221;Poppins||||||||&#8221; header_text_color=&#8221;#dddddd&#8221; header_font_size=&#8221;16px&#8221; header_line_height=&#8221;1.4em&#8221; background_color=&#8221;rgba(0,0,0,0.34)&#8221; background_image=&#8221;https:\/\/saharacameltours.com\/wp-content\/uploads\/2024\/11\/marrakech.jpg&#8221; background_blend=&#8221;multiply&#8221; custom_button=&#8221;on&#8221; button_text_size=&#8221;17px&#8221; button_text_color=&#8221;#000000&#8243; button_bg_color=&#8221;#d1cfbb&#8221; button_border_width=&#8221;0px&#8221; button_border_radius=&#8221;100px&#8221; button_font=&#8221;Poppins||||||||&#8221; button_alignment=&#8221;center&#8221; button_custom_padding=&#8221;8px|47px|8px|47px|true|true&#8221; button_custom_padding_tablet=&#8221;8px|47px|8px|47px|true|true&#8221; button_custom_padding_phone=&#8221;8px|38px|8px|38px|true|true&#8221; button_custom_padding_last_edited=&#8221;on|phone&#8221; height=&#8221;375px&#8221; height_tablet=&#8221;411px&#8221; height_phone=&#8221;311px&#8221; height_last_edited=&#8221;on|tablet&#8221; custom_padding=&#8221;197px||||false|false&#8221; custom_padding_tablet=&#8221;261px||||false|false&#8221; custom_padding_phone=&#8221;155px||||false|false&#8221; custom_padding_last_edited=&#8221;on|desktop&#8221; button_text_size_tablet=&#8221;17px&#8221; button_text_size_phone=&#8221;13px&#8221; button_text_size_last_edited=&#8221;on|desktop&#8221; border_radii=&#8221;on|5px|5px|5px|5px&#8221; global_colors_info=&#8221;{}&#8221;][\/et_pb_cta][\/et_pb_column][\/et_pb_row][et_pb_row column_structure=&#8221;1_3,1_3,1_3&#8243; _builder_version=&#8221;4.27.3&#8243; _module_preset=&#8221;default&#8221; locked=&#8221;off&#8221; global_colors_info=&#8221;{}&#8221;][et_pb_column type=&#8221;1_3&#8243; _builder_version=&#8221;4.27.3&#8243; _module_preset=&#8221;default&#8221; global_colors_info=&#8221;{}&#8221;][et_pb_cta title=&#8221;Excursi\u00f3n de 5 d\u00edas desde Marrakech al desierto de Merzouga&#8221; button_url=&#8221;https:\/\/saharacameltours.com\/es\/project\/excursion-de-5-dias-desde-marrakech-al-desierto-de-merzouga-a-traves-de-ait-ben-haddou\/&#8221; button_text=&#8221;Ver&#8221; _builder_version=&#8221;4.27.4&#8243; _module_preset=&#8221;default&#8221; header_font=&#8221;Poppins||||||||&#8221; header_text_color=&#8221;#dddddd&#8221; header_font_size=&#8221;16px&#8221; header_line_height=&#8221;1.4em&#8221; background_color=&#8221;rgba(0,0,0,0.34)&#8221; background_image=&#8221;https:\/\/saharacameltours.com\/wp-content\/uploads\/2024\/11\/d5109511-9ef7-42d6-b8eb-35cf0bad49c2_sunset-in-merzouga-sahara-desert-camel-ride-erg-chebbi-dunes-large.webp&#8221; background_blend=&#8221;multiply&#8221; custom_button=&#8221;on&#8221; button_text_size=&#8221;17px&#8221; button_text_color=&#8221;#000000&#8243; button_bg_color=&#8221;#d1cfbb&#8221; button_border_width=&#8221;0px&#8221; button_border_radius=&#8221;100px&#8221; button_font=&#8221;Poppins||||||||&#8221; button_alignment=&#8221;center&#8221; button_custom_padding=&#8221;8px|47px|8px|47px|true|true&#8221; button_custom_padding_tablet=&#8221;8px|47px|8px|47px|true|true&#8221; button_custom_padding_phone=&#8221;8px|38px|8px|38px|true|true&#8221; button_custom_padding_last_edited=&#8221;on|phone&#8221; height=&#8221;375px&#8221; height_tablet=&#8221;411px&#8221; height_phone=&#8221;311px&#8221; height_last_edited=&#8221;on|tablet&#8221; custom_padding=&#8221;197px||||false|false&#8221; custom_padding_tablet=&#8221;261px||||false|false&#8221; custom_padding_phone=&#8221;155px||||false|false&#8221; custom_padding_last_edited=&#8221;on|desktop&#8221; button_text_size_tablet=&#8221;17px&#8221; button_text_size_phone=&#8221;13px&#8221; button_text_size_last_edited=&#8221;on|desktop&#8221; border_radii=&#8221;on|5px|5px|5px|5px&#8221; global_colors_info=&#8221;{}&#8221;][\/et_pb_cta][\/et_pb_column][et_pb_column type=&#8221;1_3&#8243; _builder_version=&#8221;4.27.3&#8243; _module_preset=&#8221;default&#8221; global_colors_info=&#8221;{}&#8221;][et_pb_cta title=&#8221;Viaje de 6 d\u00edas desde Marrakech al Sahara de Merzouga&#8221; button_url=&#8221;https:\/\/saharacameltours.com\/es\/project\/viaje-de-6-dias-desde-marrakech-al-sahara-de-merzouga\/&#8221; button_text=&#8221;Ver&#8221; _builder_version=&#8221;4.27.4&#8243; _module_preset=&#8221;default&#8221; header_font=&#8221;Poppins||||||||&#8221; header_text_color=&#8221;#dddddd&#8221; header_font_size=&#8221;16px&#8221; header_line_height=&#8221;1.4em&#8221; background_color=&#8221;rgba(0,0,0,0.34)&#8221; background_image=&#8221;https:\/\/saharacameltours.com\/wp-content\/uploads\/2024\/11\/10.jpg&#8221; background_blend=&#8221;multiply&#8221; custom_button=&#8221;on&#8221; button_text_size=&#8221;17px&#8221; button_text_color=&#8221;#000000&#8243; button_bg_color=&#8221;#d1cfbb&#8221; button_border_width=&#8221;0px&#8221; button_border_radius=&#8221;100px&#8221; button_font=&#8221;Poppins||||||||&#8221; button_alignment=&#8221;center&#8221; button_custom_padding=&#8221;8px|47px|8px|47px|true|true&#8221; button_custom_padding_tablet=&#8221;8px|47px|8px|47px|true|true&#8221; button_custom_padding_phone=&#8221;8px|38px|8px|38px|true|true&#8221; button_custom_padding_last_edited=&#8221;on|phone&#8221; height=&#8221;375px&#8221; height_tablet=&#8221;411px&#8221; height_phone=&#8221;311px&#8221; height_last_edited=&#8221;on|tablet&#8221; custom_padding=&#8221;197px||||false|false&#8221; custom_padding_tablet=&#8221;261px||||false|false&#8221; custom_padding_phone=&#8221;155px||||false|false&#8221; custom_padding_last_edited=&#8221;on|desktop&#8221; button_text_size_tablet=&#8221;17px&#8221; button_text_size_phone=&#8221;13px&#8221; button_text_size_last_edited=&#8221;on|desktop&#8221; border_radii=&#8221;on|5px|5px|5px|5px&#8221; global_colors_info=&#8221;{}&#8221;][\/et_pb_cta][\/et_pb_column][et_pb_column type=&#8221;1_3&#8243; _builder_version=&#8221;4.27.3&#8243; _module_preset=&#8221;default&#8221; global_colors_info=&#8221;{}&#8221;][et_pb_cta title=&#8221;Excursi\u00f3n de 7 d\u00edas por el desierto desde Marrakech a las ciudades imperiales&#8221; button_url=&#8221;https:\/\/saharacameltours.com\/es\/project\/excursion-de-7-dias-por-el-desierto-desde-marrakech-a-las-ciudades-imperiales\/&#8221; button_text=&#8221;Ver&#8221; _builder_version=&#8221;4.27.4&#8243; _module_preset=&#8221;default&#8221; header_font=&#8221;Poppins||||||||&#8221; header_text_color=&#8221;#dddddd&#8221; header_font_size=&#8221;16px&#8221; header_line_height=&#8221;1.4em&#8221; background_color=&#8221;rgba(0,0,0,0.34)&#8221; background_image=&#8221;https:\/\/saharacameltours.com\/wp-content\/uploads\/2025\/01\/Kasbah_Ait_Ben_Haddou.jpg&#8221; background_blend=&#8221;multiply&#8221; custom_button=&#8221;on&#8221; button_text_size=&#8221;17px&#8221; button_text_color=&#8221;#000000&#8243; button_bg_color=&#8221;#d1cfbb&#8221; button_border_width=&#8221;0px&#8221; button_border_radius=&#8221;100px&#8221; button_font=&#8221;Poppins||||||||&#8221; button_alignment=&#8221;center&#8221; button_custom_padding=&#8221;8px|47px|8px|47px|true|true&#8221; button_custom_padding_tablet=&#8221;8px|47px|8px|47px|true|true&#8221; button_custom_padding_phone=&#8221;8px|38px|8px|38px|true|true&#8221; button_custom_padding_last_edited=&#8221;on|phone&#8221; height=&#8221;375px&#8221; height_tablet=&#8221;411px&#8221; height_phone=&#8221;311px&#8221; height_last_edited=&#8221;on|tablet&#8221; custom_padding=&#8221;197px||||false|false&#8221; custom_padding_tablet=&#8221;261px||||false|false&#8221; custom_padding_phone=&#8221;155px||||false|false&#8221; custom_padding_last_edited=&#8221;on|desktop&#8221; button_text_size_tablet=&#8221;17px&#8221; button_text_size_phone=&#8221;13px&#8221; button_text_size_last_edited=&#8221;on|desktop&#8221; border_radii=&#8221;on|5px|5px|5px|5px&#8221; global_colors_info=&#8221;{}&#8221;][\/et_pb_cta][\/et_pb_column][\/et_pb_row][et_pb_row column_structure=&#8221;1_3,1_3,1_3&#8243; _builder_version=&#8221;4.27.3&#8243; _module_preset=&#8221;default&#8221; locked=&#8221;off&#8221; global_colors_info=&#8221;{}&#8221;][et_pb_column type=&#8221;1_3&#8243; _builder_version=&#8221;4.27.3&#8243; _module_preset=&#8221;default&#8221; global_colors_info=&#8221;{}&#8221;][et_pb_cta title=&#8221;Gran tour de 8 d\u00edas para visitar el mar y el desierto de Zagora&#8221; button_url=&#8221;https:\/\/saharacameltours.com\/es\/project\/gran-recorrido-de-8-dias-desde-agadir-al-desierto-de-zagora\/&#8221; button_text=&#8221;Ver&#8221; _builder_version=&#8221;4.27.4&#8243; _module_preset=&#8221;default&#8221; header_font=&#8221;Poppins||||||||&#8221; header_text_color=&#8221;#dddddd&#8221; header_font_size=&#8221;16px&#8221; header_line_height=&#8221;1.4em&#8221; background_color=&#8221;rgba(0,0,0,0.34)&#8221; background_image=&#8221;https:\/\/saharacameltours.com\/wp-content\/uploads\/2025\/01\/Agadir_Areal_view_cropped-scaled.jpg&#8221; background_blend=&#8221;multiply&#8221; custom_button=&#8221;on&#8221; button_text_size=&#8221;17px&#8221; button_text_color=&#8221;#000000&#8243; button_bg_color=&#8221;#d1cfbb&#8221; button_border_width=&#8221;0px&#8221; button_border_radius=&#8221;100px&#8221; button_font=&#8221;Poppins||||||||&#8221; button_alignment=&#8221;center&#8221; button_custom_padding=&#8221;8px|47px|8px|47px|true|true&#8221; button_custom_padding_tablet=&#8221;8px|47px|8px|47px|true|true&#8221; button_custom_padding_phone=&#8221;8px|38px|8px|38px|true|true&#8221; button_custom_padding_last_edited=&#8221;on|phone&#8221; height=&#8221;375px&#8221; height_tablet=&#8221;411px&#8221; height_phone=&#8221;311px&#8221; height_last_edited=&#8221;on|tablet&#8221; custom_padding=&#8221;197px||||false|false&#8221; custom_padding_tablet=&#8221;261px||||false|false&#8221; custom_padding_phone=&#8221;155px||||false|false&#8221; custom_padding_last_edited=&#8221;on|desktop&#8221; button_text_size_tablet=&#8221;17px&#8221; button_text_size_phone=&#8221;13px&#8221; button_text_size_last_edited=&#8221;on|desktop&#8221; border_radii=&#8221;on|5px|5px|5px|5px&#8221; global_colors_info=&#8221;{}&#8221;][\/et_pb_cta][\/et_pb_column][et_pb_column type=&#8221;1_3&#8243; _builder_version=&#8221;4.27.3&#8243; _module_preset=&#8221;default&#8221; global_colors_info=&#8221;{}&#8221;][\/et_pb_column][et_pb_column type=&#8221;1_3&#8243; _builder_version=&#8221;4.27.3&#8243; _module_preset=&#8221;default&#8221; global_colors_info=&#8221;{}&#8221;][\/et_pb_column][\/et_pb_row][\/et_pb_section]<\/p>\n","protected":false},"excerpt":{"rendered":"<p>Excursi\u00f3n de 2 d\u00edas desde Marrakech al desierto de Zagora<\/p>","protected":false},"author":4,"featured_media":0,"parent":0,"menu_order":0,"comment_status":"closed","ping_status":"closed","template":"","meta":{"_et_pb_use_builder":"on","_et_pb_old_content":"","_et_gb_content_width":"","_joinchat":[],"footnotes":""},"class_list":["post-987513159","page","type-page","status-publish","hentry"],"_links":{"self":[{"href":"https:\/\/saharacameltours.com\/es\/wp-json\/wp\/v2\/pages\/987513159","targetHints":{"allow":["GET"]}}],"collection":[{"href":"https:\/\/saharacameltours.com\/es\/wp-json\/wp\/v2\/pages"}],"about":[{"href":"https:\/\/saharacameltours.com\/es\/wp-json\/wp\/v2\/types\/page"}],"author":[{"embeddable":true,"href":"https:\/\/saharacameltours.com\/es\/wp-json\/wp\/v2\/users\/4"}],"replies":[{"embeddable":true,"href":"https:\/\/saharacameltours.com\/es\/wp-json\/wp\/v2\/comments?post=987513159"}],"version-history":[{"count":12,"href":"https:\/\/saharacameltours.com\/es\/wp-json\/wp\/v2\/pages\/987513159\/revisions"}],"predecessor-version":[{"id":987513792,"href":"https:\/\/saharacameltours.com\/es\/wp-json\/wp\/v2\/pages\/987513159\/revisions\/987513792"}],"wp:attachment":[{"href":"https:\/\/saharacameltours.com\/es\/wp-json\/wp\/v2\/media?parent=987513159"}],"curies":[{"name":"wp","href":"https:\/\/api.w.org\/{rel}","templated":true}]}}