{"id":987513152,"date":"2024-11-17T19:46:19","date_gmt":"2024-11-17T19:46:19","guid":{"rendered":"https:\/\/saharacameltours.com\/excursiones-desde-fez\/"},"modified":"2025-12-16T21:56:42","modified_gmt":"2025-12-16T21:56:42","slug":"excursiones-desde-fez","status":"publish","type":"page","link":"https:\/\/saharacameltours.com\/es\/excursiones-desde-fez\/","title":{"rendered":"Excursiones desde Fez"},"content":{"rendered":"<p>[et_pb_section fb_built=\u00bb1&#8243; admin_label=\u00bbServices\u00bb _builder_version=\u00bb4.27.3&#8243; _module_preset=\u00bbdefault\u00bb background_color=\u00bb#f5ede7&#8243; background_enable_image=\u00bboff\u00bb background_size=\u00bbcustom\u00bb background_image_width=\u00bb22%\u00bb background_position=\u00bbbottom_left\u00bb background_horizontal_offset=\u00bb-1vw\u00bb background_vertical_offset=\u00bb-10vw\u00bb custom_padding=\u00bb||0px||false|false\u00bb locked=\u00bboff\u00bb collapsed=\u00bbon\u00bb global_colors_info=\u00bb{%22gcid-4dccef5c-a04c-4e7c-abbe-b1e880c58010%22:%91%22background_color%22%93}\u00bb][et_pb_row _builder_version=\u00bb4.19.5&#8243; _module_preset=\u00bbdefault\u00bb max_width=\u00bb700px\u00bb locked=\u00bboff\u00bb global_colors_info=\u00bb{}\u00bb][et_pb_column type=\u00bb4_4&#8243; _builder_version=\u00bb4.19.5&#8243; _module_preset=\u00bbdefault\u00bb global_colors_info=\u00bb{}\u00bb][et_pb_image src=\u00bbhttps:\/\/saharacameltours.com\/wp-content\/uploads\/2024\/11\/health-clinic-1.png\u00bb title_text=\u00bbcentro-de-salud-1&#8243; align=\u00bbcenter\u00bb _builder_version=\u00bb4.19.5&#8243; _module_preset=\u00bbdefault\u00bb max_height=\u00bb12px\u00bb global_colors_info=\u00bb{}\u00bb][\/et_pb_image][et_pb_text _builder_version=\u00bb4.27.4&#8243; _module_preset=\u00bb_initial\u00bb text_font_size=\u00bb20px\u00bb header_2_font=\u00bbPrata||||||||\u00bb header_2_font_size=\u00bb52px\u00bb header_2_line_height=\u00bb1.3em\u00bb custom_margin=\u00bb||10px||false|false\u00bb header_2_font_size_tablet=\u00bb32px\u00bb header_2_font_size_phone=\u00bb23px\u00bb header_2_font_size_last_edited=\u00bbon|desktop\u00bb global_colors_info=\u00bb{%22gcid-f743be1f-46bf-4685-bc55-7e8b347eb98d%22:%91%22header_2_text_color%22%93}\u00bb]<\/p>\n<h2 class=\"elementor-image-box-title\" style=\"text-align: center;\">Excursiones desde Fez<\/h2>\n<p>[\/et_pb_text][\/et_pb_column][\/et_pb_row][et_pb_row column_structure=\u00bb1_3,1_3,1_3&#8243; _builder_version=\u00bb4.27.3&#8243; _module_preset=\u00bbdefault\u00bb locked=\u00bboff\u00bb global_colors_info=\u00bb{}\u00bb][et_pb_column type=\u00bb1_3&#8243; _builder_version=\u00bb4.27.3&#8243; _module_preset=\u00bbdefault\u00bb global_colors_info=\u00bb{}\u00bb][et_pb_cta title=\u00bbTour de 2 d\u00edas desde Fez al desierto de Merzouga\u00bb button_url=\u00bbhttps:\/\/saharacameltours.com\/es\/project\/tour-de-2-dias-desde-fez-al-desierto-de-merzouga\/\u00bb button_text=\u00bbVer\u00bb _builder_version=\u00bb4.27.4&#8243; _module_preset=\u00bbdefault\u00bb header_font=\u00bbPoppins||||||||\u00bb header_text_color=\u00bb#FFFFFF\u00bb header_font_size=\u00bb21px\u00bb header_line_height=\u00bb1.4em\u00bb background_color=\u00bb#FFFFFF\u00bb background_image=\u00bbhttps:\/\/saharacameltours.com\/wp-content\/uploads\/2024\/11\/11.jpg\u00bb background_blend=\u00bbmultiply\u00bb custom_button=\u00bbon\u00bb button_text_size=\u00bb17px\u00bb button_text_color=\u00bb#000000&#8243; button_bg_color=\u00bb#d1cfbb\u00bb button_border_width=\u00bb0px\u00bb button_border_radius=\u00bb100px\u00bb button_font=\u00bbPoppins||||||||\u00bb button_alignment=\u00bbcenter\u00bb button_custom_padding=\u00bb8px|47px|8px|47px|true|true\u00bb button_custom_padding_tablet=\u00bb8px|47px|8px|47px|true|true\u00bb button_custom_padding_phone=\u00bb8px|38px|8px|38px|true|true\u00bb button_custom_padding_last_edited=\u00bbon|phone\u00bb height=\u00bb372px\u00bb height_tablet=\u00bb411px\u00bb height_phone=\u00bb311px\u00bb height_last_edited=\u00bbon|tablet\u00bb custom_padding=\u00bb197px||||false|false\u00bb custom_padding_tablet=\u00bb261px||||false|false\u00bb custom_padding_phone=\u00bb155px||||false|false\u00bb custom_padding_last_edited=\u00bbon|desktop\u00bb button_text_size_tablet=\u00bb17px\u00bb button_text_size_phone=\u00bb13px\u00bb button_text_size_last_edited=\u00bbon|desktop\u00bb header_text_shadow_style=\u00bbpreset1&#8243; border_radii=\u00bbon|5px|5px|5px|5px\u00bb global_colors_info=\u00bb{}\u00bb][\/et_pb_cta][et_pb_cta title=\u00bbExcursi\u00f3n de 4 d\u00edas desde Fez a Marrakech a trav\u00e9s del desierto del Sahara\u00bb button_url=\u00bbhttps:\/\/saharacameltours.com\/project\/4-days-tour-from-fes-to-marrakech-via-sahara-desert\/\u00bb button_text=\u00bbVer\u00bb _builder_version=\u00bb4.27.4&#8243; _module_preset=\u00bbdefault\u00bb header_font=\u00bbPoppins||||||||\u00bb header_text_color=\u00bb#FFFFFF\u00bb header_font_size=\u00bb21px\u00bb header_line_height=\u00bb1.4em\u00bb background_color=\u00bb#D6D6D6&#8243; background_image=\u00bbhttps:\/\/saharacameltours.com\/wp-content\/uploads\/2024\/11\/14.jpg\u00bb background_blend=\u00bbmultiply\u00bb custom_button=\u00bbon\u00bb button_text_size=\u00bb17px\u00bb button_text_color=\u00bb#000000&#8243; button_bg_color=\u00bb#d1cfbb\u00bb button_border_width=\u00bb0px\u00bb button_border_radius=\u00bb100px\u00bb button_font=\u00bbPoppins||||||||\u00bb button_alignment=\u00bbcenter\u00bb button_custom_padding=\u00bb8px|47px|8px|47px|true|true\u00bb button_custom_padding_tablet=\u00bb8px|47px|8px|47px|true|true\u00bb button_custom_padding_phone=\u00bb8px|38px|8px|38px|true|true\u00bb button_custom_padding_last_edited=\u00bbon|phone\u00bb height=\u00bb430px\u00bb height_tablet=\u00bb411px\u00bb height_phone=\u00bb320px\u00bb height_last_edited=\u00bbon|tablet\u00bb custom_padding=\u00bb197px||||false|false\u00bb custom_padding_tablet=\u00bb261px||||false|false\u00bb custom_padding_phone=\u00bb155px||||false|false\u00bb custom_padding_last_edited=\u00bbon|desktop\u00bb button_text_size_tablet=\u00bb17px\u00bb button_text_size_phone=\u00bb13px\u00bb button_text_size_last_edited=\u00bbon|desktop\u00bb header_text_shadow_style=\u00bbpreset1&#8243; border_radii=\u00bbon|5px|5px|5px|5px\u00bb global_colors_info=\u00bb{}\u00bb][\/et_pb_cta][\/et_pb_column][et_pb_column type=\u00bb1_3&#8243; _builder_version=\u00bb4.27.3&#8243; _module_preset=\u00bbdefault\u00bb global_colors_info=\u00bb{}\u00bb][et_pb_cta title=\u00bbTour de 3 d\u00edas desde Fez al desierto de Merzouga que termina en Fez\u00bb button_url=\u00bbhttps:\/\/saharacameltours.com\/es\/project\/tour-de-3-dias-desde-fez-al-desierto-de-merzouga-con-regreso-a-fez\/\u00bb button_text=\u00bbVer\u00bb _builder_version=\u00bb4.27.4&#8243; _module_preset=\u00bbdefault\u00bb header_font=\u00bbPoppins||||||||\u00bb header_text_color=\u00bb#FFFFFF\u00bb header_font_size=\u00bb21px\u00bb header_line_height=\u00bb1.4em\u00bb background_color=\u00bb#B3B3B3&#8243; background_image=\u00bbhttps:\/\/saharacameltours.com\/wp-content\/uploads\/2024\/11\/13.jpg\u00bb background_blend=\u00bbmultiply\u00bb custom_button=\u00bbon\u00bb button_text_size=\u00bb17px\u00bb button_text_color=\u00bb#000000&#8243; button_bg_color=\u00bb#d1cfbb\u00bb button_border_width=\u00bb0px\u00bb button_border_radius=\u00bb100px\u00bb button_font=\u00bbPoppins||||||||\u00bb button_alignment=\u00bbcenter\u00bb button_custom_padding=\u00bb8px|47px|8px|47px|true|true\u00bb button_custom_padding_tablet=\u00bb8px|47px|8px|47px|true|true\u00bb button_custom_padding_phone=\u00bb8px|38px|8px|38px|true|true\u00bb button_custom_padding_last_edited=\u00bbon|phone\u00bb height=\u00bb414px\u00bb height_tablet=\u00bb411px\u00bb height_phone=\u00bb325px\u00bb height_last_edited=\u00bbon|tablet\u00bb custom_padding=\u00bb197px||||false|false\u00bb custom_padding_tablet=\u00bb261px||||false|false\u00bb custom_padding_phone=\u00bb155px||||false|false\u00bb custom_padding_last_edited=\u00bbon|desktop\u00bb button_text_size_tablet=\u00bb17px\u00bb button_text_size_phone=\u00bb13px\u00bb button_text_size_last_edited=\u00bbon|desktop\u00bb header_text_shadow_style=\u00bbpreset1&#8243; border_radii=\u00bbon|5px|5px|5px|5px\u00bb global_colors_info=\u00bb{}\u00bb][\/et_pb_cta][et_pb_cta title=\u00bbViaje de 5 d\u00edas desde Fez al desierto de Merzouga con final en Marrakech\u00bb button_url=\u00bbhttps:\/\/saharacameltours.com\/es\/project\/viaje-de-5-dias-desde-fez-al-desierto-de-merzouga\/\u00bb button_text=\u00bbVer\u00bb _builder_version=\u00bb4.27.4&#8243; _module_preset=\u00bbdefault\u00bb header_font=\u00bbPoppins||||||||\u00bb header_text_color=\u00bb#FFFFFF\u00bb header_font_size=\u00bb21px\u00bb header_line_height=\u00bb1.4em\u00bb background_color=\u00bb#B3B3B3&#8243; background_image=\u00bbhttps:\/\/saharacameltours.com\/wp-content\/uploads\/2024\/11\/15.jpg\u00bb background_blend=\u00bbmultiply\u00bb custom_button=\u00bbon\u00bb button_text_size=\u00bb17px\u00bb button_text_color=\u00bb#000000&#8243; button_bg_color=\u00bb#d1cfbb\u00bb button_border_width=\u00bb0px\u00bb button_border_radius=\u00bb100px\u00bb button_font=\u00bbPoppins||||||||\u00bb button_alignment=\u00bbcenter\u00bb button_custom_padding=\u00bb8px|47px|8px|47px|true|true\u00bb button_custom_padding_tablet=\u00bb8px|47px|8px|47px|true|true\u00bb button_custom_padding_phone=\u00bb8px|38px|8px|38px|true|true\u00bb button_custom_padding_last_edited=\u00bbon|phone\u00bb height=\u00bb437px\u00bb height_tablet=\u00bb411px\u00bb height_phone=\u00bb332px\u00bb height_last_edited=\u00bbon|tablet\u00bb custom_padding=\u00bb197px||||false|false\u00bb custom_padding_tablet=\u00bb261px||||false|false\u00bb custom_padding_phone=\u00bb155px||||false|false\u00bb custom_padding_last_edited=\u00bbon|desktop\u00bb button_text_size_tablet=\u00bb17px\u00bb button_text_size_phone=\u00bb13px\u00bb button_text_size_last_edited=\u00bbon|desktop\u00bb header_text_shadow_style=\u00bbpreset1&#8243; border_radii=\u00bbon|5px|5px|5px|5px\u00bb global_colors_info=\u00bb{}\u00bb][\/et_pb_cta][\/et_pb_column][et_pb_column type=\u00bb1_3&#8243; _builder_version=\u00bb4.27.3&#8243; _module_preset=\u00bbdefault\u00bb global_colors_info=\u00bb{}\u00bb][et_pb_cta title=\u00bbExcursi\u00f3n de 3 d\u00edas al desierto de Merzouga desde Fez que termina en Marrakech\u00bb button_url=\u00bbhttps:\/\/saharacameltours.com\/project\/3-days-tour-to-merzouga-desert-from-fes-ends-in-marrakech\/\u00bb button_text=\u00bbVer\u00bb _builder_version=\u00bb4.27.5&#8243; _module_preset=\u00bbdefault\u00bb header_font=\u00bbPoppins||||||||\u00bb header_text_color=\u00bb#FFFFFF\u00bb header_font_size=\u00bb21px\u00bb header_line_height=\u00bb1.4em\u00bb background_color=\u00bb#D6D6D6&#8243; background_image=\u00bbhttps:\/\/saharacameltours.com\/wp-content\/uploads\/2024\/11\/12.jpg\u00bb background_blend=\u00bbmultiply\u00bb custom_button=\u00bbon\u00bb button_text_size=\u00bb17px\u00bb button_text_color=\u00bb#000000&#8243; button_bg_color=\u00bb#d1cfbb\u00bb button_border_width=\u00bb0px\u00bb button_border_radius=\u00bb100px\u00bb button_font=\u00bbPoppins||||||||\u00bb button_alignment=\u00bbcenter\u00bb button_custom_padding=\u00bb8px|47px|8px|47px|true|true\u00bb button_custom_padding_tablet=\u00bb8px|47px|8px|47px|true|true\u00bb button_custom_padding_phone=\u00bb8px|38px|8px|38px|true|true\u00bb button_custom_padding_last_edited=\u00bbon|phone\u00bb height=\u00bb424px\u00bb height_tablet=\u00bb411px\u00bb height_phone=\u00bb324px\u00bb height_last_edited=\u00bbon|tablet\u00bb custom_padding=\u00bb197px||64px||false|false\u00bb custom_padding_tablet=\u00bb261px||||false|false\u00bb custom_padding_phone=\u00bb155px||||false|false\u00bb custom_padding_last_edited=\u00bbon|desktop\u00bb button_text_size_tablet=\u00bb17px\u00bb button_text_size_phone=\u00bb13px\u00bb button_text_size_last_edited=\u00bbon|desktop\u00bb border_radii=\u00bbon|5px|5px|5px|5px\u00bb global_colors_info=\u00bb{}\u00bb][\/et_pb_cta][\/et_pb_column][\/et_pb_row][\/et_pb_section]<\/p>\n","protected":false},"excerpt":{"rendered":"<p>Excursiones desde Fez<\/p>\n","protected":false},"author":4,"featured_media":0,"parent":0,"menu_order":0,"comment_status":"closed","ping_status":"closed","template":"","meta":{"_et_pb_use_builder":"on","_et_pb_old_content":"","_et_gb_content_width":"","_joinchat":[],"footnotes":""},"class_list":["post-987513152","page","type-page","status-publish","hentry"],"_links":{"self":[{"href":"https:\/\/saharacameltours.com\/es\/wp-json\/wp\/v2\/pages\/987513152","targetHints":{"allow":["GET"]}}],"collection":[{"href":"https:\/\/saharacameltours.com\/es\/wp-json\/wp\/v2\/pages"}],"about":[{"href":"https:\/\/saharacameltours.com\/es\/wp-json\/wp\/v2\/types\/page"}],"author":[{"embeddable":true,"href":"https:\/\/saharacameltours.com\/es\/wp-json\/wp\/v2\/users\/4"}],"replies":[{"embeddable":true,"href":"https:\/\/saharacameltours.com\/es\/wp-json\/wp\/v2\/comments?post=987513152"}],"version-history":[{"count":6,"href":"https:\/\/saharacameltours.com\/es\/wp-json\/wp\/v2\/pages\/987513152\/revisions"}],"predecessor-version":[{"id":987514081,"href":"https:\/\/saharacameltours.com\/es\/wp-json\/wp\/v2\/pages\/987513152\/revisions\/987514081"}],"wp:attachment":[{"href":"https:\/\/saharacameltours.com\/es\/wp-json\/wp\/v2\/media?parent=987513152"}],"curies":[{"name":"wp","href":"https:\/\/api.w.org\/{rel}","templated":true}]}}