{"id":987513039,"date":"2024-11-16T10:59:25","date_gmt":"2024-11-16T10:59:25","guid":{"rendered":"https:\/\/saharacameltours.com\/sobre-nosotros\/"},"modified":"2025-12-15T23:09:29","modified_gmt":"2025-12-15T23:09:29","slug":"sobre-nosotros","status":"publish","type":"page","link":"https:\/\/saharacameltours.com\/es\/sobre-nosotros\/","title":{"rendered":"Sobre nosotros"},"content":{"rendered":"<p>[et_pb_section fb_built=\u00bb1&#8243; admin_label=\u00bbHeader\u00bb _builder_version=\u00bb4.19.5&#8243; _module_preset=\u00bbdefault\u00bb background_color=\u00bbgcid-4dccef5c-a04c-4e7c-abbe-b1e880c58010&#8243; collapsed=\u00bbon\u00bb global_colors_info=\u00bb{%22gcid-4dccef5c-a04c-4e7c-abbe-b1e880c58010%22:%91%22background_color%22%93}\u00bb][et_pb_row _builder_version=\u00bb4.19.5&#8243; _module_preset=\u00bbdefault\u00bb max_width=\u00bb700px\u00bb global_colors_info=\u00bb{}\u00bb][et_pb_column type=\u00bb4_4&#8243; _builder_version=\u00bb4.19.5&#8243; _module_preset=\u00bbdefault\u00bb global_colors_info=\u00bb{}\u00bb][et_pb_image src=\u00bbhttps:\/\/saharacameltours.com\/wp-content\/uploads\/2024\/11\/dividerss.png\u00bb title_text=\u00bbseparadores\u00bb align=\u00bbcenter\u00bb _builder_version=\u00bb4.27.3&#8243; _module_preset=\u00bbdefault\u00bb width=\u00bb50%\u00bb width_tablet=\u00bb50%\u00bb width_phone=\u00bb58%\u00bb width_last_edited=\u00bbon|phone\u00bb locked=\u00bboff\u00bb global_colors_info=\u00bb{}\u00bb][\/et_pb_image][et_pb_text _builder_version=\u00bb4.19.5&#8243; _module_preset=\u00bb_initial\u00bb header_font=\u00bbPrata||||||||\u00bb header_text_color=\u00bbgcid-f743be1f-46bf-4685-bc55-7e8b347eb98d\u00bb header_font_size=\u00bb72px\u00bb header_line_height=\u00bb1.2em\u00bb text_orientation=\u00bbcenter\u00bb custom_margin=\u00bb||10px||false|false\u00bb header_font_size_tablet=\u00bb40px\u00bb header_font_size_phone=\u00bb24px\u00bb header_font_size_last_edited=\u00bbon|desktop\u00bb global_colors_info=\u00bb{%22gcid-f743be1f-46bf-4685-bc55-7e8b347eb98d%22:%91%22header_text_color%22%93}\u00bb]<\/p>\n<h1>Sobre nosotros<\/h1>\n<p>[\/et_pb_text][\/et_pb_column][\/et_pb_row][\/et_pb_section][et_pb_section fb_built=\u00bb1&#8243; admin_label=\u00bbAbout\u00bb _builder_version=\u00bb4.19.5&#8243; _module_preset=\u00bbdefault\u00bb background_color=\u00bbgcid-9464c34f-f9ff-43eb-9668-c958662e33fc\u00bb locked=\u00bboff\u00bb collapsed=\u00bbon\u00bb global_colors_info=\u00bb{%22gcid-9464c34f-f9ff-43eb-9668-c958662e33fc%22:%91%22background_color%22%93}\u00bb][et_pb_row column_structure=\u00bb1_2,1_2&#8243; make_equal=\u00bbon\u00bb _builder_version=\u00bb4.19.5&#8243; _module_preset=\u00bbdefault\u00bb global_colors_info=\u00bb{}\u00bb][et_pb_column type=\u00bb1_2&#8243; _builder_version=\u00bb4.19.5&#8243; _module_preset=\u00bbdefault\u00bb global_colors_info=\u00bb{}\u00bb][et_pb_image src=\u00bbhttps:\/\/saharacameltours.com\/wp-content\/uploads\/2024\/11\/health-clinic-1.png\u00bb title_text=\u00bbcentro-de-salud-1&#8243; _builder_version=\u00bb4.19.5&#8243; _module_preset=\u00bbdefault\u00bb max_height=\u00bb12px\u00bb locked=\u00bboff\u00bb global_colors_info=\u00bb{}\u00bb][\/et_pb_image][et_pb_text _builder_version=\u00bb4.27.3&#8243; _module_preset=\u00bb_initial\u00bb header_2_font=\u00bbPrata||||||||\u00bb header_2_font_size=\u00bb52px\u00bb header_2_line_height=\u00bb1.3em\u00bb custom_margin=\u00bb||10px||false|false\u00bb header_2_font_size_tablet=\u00bb32px\u00bb header_2_font_size_phone=\u00bb20px\u00bb header_2_font_size_last_edited=\u00bbon|desktop\u00bb global_colors_info=\u00bb{}\u00bb]<\/p>\n<h2>\u00bfQui\u00e9nes somos?<\/h2>\n<p>[\/et_pb_text][et_pb_text _builder_version=\u00bb4.27.5&#8243; _module_preset=\u00bb_initial\u00bb text_font=\u00bbPoppins|300|||||||\u00bb text_font_size=\u00bb15px\u00bb text_line_height=\u00bb1.8em\u00bb hover_enabled=\u00bb0&#8243; text_font_size_tablet=\u00bb15px\u00bb text_font_size_phone=\u00bb14px\u00bb text_font_size_last_edited=\u00bbon|desktop\u00bb global_colors_info=\u00bb{}\u00bb sticky_enabled=\u00bb0&#8243; max_height=\u00bb1000px\u00bb height=\u00bb1000px\u00bb min_height=\u00bb1000px\u00bb max_width=\u00bb100%\u00bb width=\u00bb100%\u00bb text_text_color=\u00bb#000000&#8243;]<\/p>\n<p><span style=\"color: #000000;\">Sahara Camel Tours es una empresa tur\u00edstica local, propiedad de Hassan, un joven de ascendencia bereber que vive en Merzouga (sur de Marruecos), y gestionada por \u00e9l.<\/span><\/p>\n<p><span style=\"color: #000000;\">Somos una empresa familiar local que lleva muchos a\u00f1os dedicada a la organizaci\u00f3n de rutas en 4\u00d74 por Marruecos. Nacidos como n\u00f3madas en el desierto de Erg Chebbi (Merzouga) y en el hermoso pueblo de Hassi Labied {white}, conocemos profundamente este gran pa\u00eds.<\/span><\/p>\n<p><span style=\"color: #000000;\">Organizamos todo tipo de rutas: paseos en camello, noches en el desierto en aut\u00e9nticas tiendas bereberes, rutas personalizadas y todo lo que haga de su viaje una experiencia inolvidable. Con nosotros vivir\u00e1 una aut\u00e9ntica aventura y el estilo de vida marroqu\u00ed de una forma original y diferente.<\/span><\/p>\n<p><span style=\"color: #000000;\">Ofrecemos un viaje personalizado donde podr\u00e1 degustar, disfrutar y descubrir todos los placeres de este hermoso pa\u00eds y una forma diferente de entender la vida.<\/span><\/p>\n<p>[\/et_pb_text][\/et_pb_column][et_pb_column type=\u00bb1_2&#8243; _builder_version=\u00bb4.19.5&#8243; _module_preset=\u00bbdefault\u00bb global_colors_info=\u00bb{}\u00bb][et_pb_image src=\u00bbhttps:\/\/saharacameltours.com\/wp-content\/uploads\/2024\/11\/pexels-francesco-ungaro-998634.jpg\u00bb title_text=\u00bbpexels-francesco-ungaro-998634&#8243; _builder_version=\u00bb4.27.3&#8243; _module_preset=\u00bbdefault\u00bb height=\u00bb652px\u00bb height_tablet=\u00bb652px\u00bb height_phone=\u00bb652px\u00bb height_last_edited=\u00bbon|phone\u00bb border_radii=\u00bbon|10px|10px|10px|10px\u00bb global_colors_info=\u00bb{}\u00bb][\/et_pb_image][\/et_pb_column][\/et_pb_row][et_pb_row column_structure=\u00bb1_2,1_2&#8243; make_equal=\u00bbon\u00bb _builder_version=\u00bb4.19.5&#8243; _module_preset=\u00bbdefault\u00bb global_colors_info=\u00bb{}\u00bb][et_pb_column type=\u00bb1_2&#8243; _builder_version=\u00bb4.19.5&#8243; _module_preset=\u00bbdefault\u00bb global_colors_info=\u00bb{}\u00bb][et_pb_image src=\u00bbhttps:\/\/saharacameltours.com\/wp-content\/uploads\/2024\/11\/pexels-ekrulila-15159719.jpg\u00bb title_text=\u00bbpexels-ekrulila-15159719&#8243; _builder_version=\u00bb4.27.3&#8243; _module_preset=\u00bbdefault\u00bb border_radii=\u00bbon|10px|10px|10px|10px\u00bb global_colors_info=\u00bb{}\u00bb][\/et_pb_image][\/et_pb_column][et_pb_column type=\u00bb1_2&#8243; _builder_version=\u00bb4.19.5&#8243; _module_preset=\u00bbdefault\u00bb global_colors_info=\u00bb{}\u00bb][et_pb_text _builder_version=\u00bb4.27.3&#8243; _module_preset=\u00bb_initial\u00bb header_2_font=\u00bbPrata||||||||\u00bb header_2_font_size=\u00bb52px\u00bb header_2_line_height=\u00bb1.3em\u00bb custom_margin=\u00bb||10px||false|false\u00bb header_2_font_size_tablet=\u00bb32px\u00bb header_2_font_size_phone=\u00bb20px\u00bb header_2_font_size_last_edited=\u00bbon|desktop\u00bb locked=\u00bboff\u00bb global_colors_info=\u00bb{}\u00bb]<\/p>\n<h2>\u00bfQu\u00e9 ofrecemos?<\/h2>\n<p>[\/et_pb_text][et_pb_text _builder_version=\u00bb4.27.5&#8243; _module_preset=\u00bb_initial\u00bb text_font=\u00bbPoppins|300|||||||\u00bb text_font_size=\u00bb15px\u00bb text_line_height=\u00bb1.8em\u00bb ul_text_color=\u00bb#2d2d2d\u00bb hover_enabled=\u00bb0&#8243; text_font_size_tablet=\u00bb15px\u00bb text_font_size_phone=\u00bb14px\u00bb text_font_size_last_edited=\u00bbon|desktop\u00bb locked=\u00bboff\u00bb global_colors_info=\u00bb{}\u00bb text_text_color=\u00bb#000000&#8243; sticky_enabled=\u00bb0&#8243;]<\/p>\n<p>Nos especializamos en la creaci\u00f3n de experiencias de viaje aut\u00e9nticas y personalizadas:<\/p>\n<ul>\n<li><strong>Trekking en camello:<\/strong> Viaje a trav\u00e9s de las doradas dunas del Sahara a lomos de un camello.<\/li>\n<li><strong>Noches en el desierto:<\/strong> Pase noches inolvidables en tiendas bereberes tradicionales bajo cielos des\u00e9rticos estrellados.<\/li>\n<li><strong>Aventuras en 4\u00d74:<\/strong> Explore los diversos paisajes de Marruecos, desde las extensiones des\u00e9rticas hasta las vistas de las monta\u00f1as, en la comodidad de un veh\u00edculo 4\u00d74.<\/li>\n<li><strong>Rutas a medida:<\/strong> Personalice su itinerario para que coincida con sus intereses y descubra Marruecos a su manera.<\/li>\n<\/ul>\n<p>[\/et_pb_text][et_pb_text _builder_version=\u00bb4.27.3&#8243; _module_preset=\u00bb_initial\u00bb header_2_font=\u00bbPrata||||||||\u00bb header_2_font_size=\u00bb52px\u00bb header_2_line_height=\u00bb1.3em\u00bb custom_margin=\u00bb||10px||false|false\u00bb header_2_font_size_tablet=\u00bb32px\u00bb header_2_font_size_phone=\u00bb20px\u00bb header_2_font_size_last_edited=\u00bbon|desktop\u00bb locked=\u00bboff\u00bb global_colors_info=\u00bb{}\u00bb]<\/p>\n<h2 style=\"text-align: left;\"><strong>Nuestra promesa<\/strong><\/h2>\n<h2 style=\"text-align: center;\"><\/h2>\n<p>[\/et_pb_text][et_pb_text _builder_version=\u00bb4.27.5&#8243; _module_preset=\u00bb_initial\u00bb text_font=\u00bbPoppins|300|||||||\u00bb text_font_size=\u00bb15px\u00bb text_line_height=\u00bb1.8em\u00bb ul_text_color=\u00bb#2d2d2d\u00bb hover_enabled=\u00bb0&#8243; text_font_size_tablet=\u00bb15px\u00bb text_font_size_phone=\u00bb14px\u00bb text_font_size_last_edited=\u00bbon|desktop\u00bb locked=\u00bboff\u00bb global_colors_info=\u00bb{}\u00bb text_text_color=\u00bb#000000&#8243; sticky_enabled=\u00bb0&#8243;]<\/p>\n<p>En Sahara Camel Tours, damos vida a la esencia de Marruecos a trav\u00e9s de experiencias significativas e inmersivas. Ya sea degustando la cocina tradicional, explorando joyas ocultas o abrazando el estilo de vida bereber, nos aseguramos de que cada viaje sea memorable y enriquecedor.<\/p>\n<p>Perm\u00edtanos guiarle en una aventura que combina la belleza de Marruecos con sus profundas ra\u00edces culturales.<\/p>\n<p>[\/et_pb_text][\/et_pb_column][\/et_pb_row][\/et_pb_section]<\/p>\n","protected":false},"excerpt":{"rendered":"<p>Sobre nosotros\u00bfQui\u00e9nes somos?Sahara Camel Tours es una empresa tur\u00edstica local, propiedad de Hassan, un joven de ascendencia bereber que vive en Merzouga (sur de Marruecos), y gestionada por \u00e9l. Somos una empresa familiar local que lleva muchos a\u00f1os dedicada a la organizaci\u00f3n de rutas en 4\u00d74 por Marruecos. Nacidos como n\u00f3madas en el desierto de [&hellip;]<\/p>\n","protected":false},"author":4,"featured_media":0,"parent":0,"menu_order":0,"comment_status":"closed","ping_status":"closed","template":"","meta":{"_et_pb_use_builder":"on","_et_pb_old_content":"","_et_gb_content_width":"","_joinchat":[],"footnotes":""},"class_list":["post-987513039","page","type-page","status-publish","hentry"],"_links":{"self":[{"href":"https:\/\/saharacameltours.com\/es\/wp-json\/wp\/v2\/pages\/987513039","targetHints":{"allow":["GET"]}}],"collection":[{"href":"https:\/\/saharacameltours.com\/es\/wp-json\/wp\/v2\/pages"}],"about":[{"href":"https:\/\/saharacameltours.com\/es\/wp-json\/wp\/v2\/types\/page"}],"author":[{"embeddable":true,"href":"https:\/\/saharacameltours.com\/es\/wp-json\/wp\/v2\/users\/4"}],"replies":[{"embeddable":true,"href":"https:\/\/saharacameltours.com\/es\/wp-json\/wp\/v2\/comments?post=987513039"}],"version-history":[{"count":3,"href":"https:\/\/saharacameltours.com\/es\/wp-json\/wp\/v2\/pages\/987513039\/revisions"}],"predecessor-version":[{"id":987514061,"href":"https:\/\/saharacameltours.com\/es\/wp-json\/wp\/v2\/pages\/987513039\/revisions\/987514061"}],"wp:attachment":[{"href":"https:\/\/saharacameltours.com\/es\/wp-json\/wp\/v2\/media?parent=987513039"}],"curies":[{"name":"wp","href":"https:\/\/api.w.org\/{rel}","templated":true}]}}